{"id":425,"date":"2016-04-24T15:00:35","date_gmt":"2016-04-24T18:00:35","guid":{"rendered":"http:\/\/ramalho.com.br\/vm2016\/?page_id=425"},"modified":"2017-11-16T10:08:09","modified_gmt":"2017-11-16T13:08:09","slug":"o-viajante-2","status":"publish","type":"page","link":"https:\/\/ramalho.com.br\/vm2016\/index.php\/o-viajante-2\/","title":{"rendered":"O Viajante"},"content":{"rendered":"<h1><\/h1>\n<p><span class=\"dropcap full\">J<\/span>Jos\u00e9 Antonio Ramalho \u00e9 um exemplo de profissional multim\u00eddia. Ao longo de sua vida profissional desenvolveu carreiras em \u00e1reas distintas obtendo sucesso em todas as \u00e1reas que atuou. \u00a0 Com 54 anos \u00e9 escritor, jornalista, fot\u00f3grafo e consultor.<\/p>\n<p>Publicou 118 livros nas \u00e1reas de tecnologia, mitologia grega, fotografia e aventura, traduzidos para diversas l\u00ednguas, entre elas o ingl\u00eas, espanhol, polon\u00eas e chin\u00eas.<\/p>\n<div class=\"photoGrid  four clearfix\">  <a href=\"https:\/\/i0.wp.com\/ramalho.com.br\/vm2016\/wp-content\/uploads\/2016\/04\/capa-volta-ao-mundo.jpg?fit=1000%2C1000&ssl=1\" rel=\"grid-42\" class=\"item view\" title=\"\"><img decoding=\"async\" src=\"https:\/\/i0.wp.com\/ramalho.com.br\/vm2016\/wp-content\/uploads\/2016\/04\/capa-volta-ao-mundo.jpg?resize=760%2C760&ssl=1\" alt=\"\">\r\n                <\/a> <a href=\"https:\/\/i0.wp.com\/ramalho.com.br\/vm2016\/wp-content\/uploads\/2016\/04\/89-166796-0-5-santiago-de-compostela-viagem-aos-sentidos.jpg?fit=400%2C400&ssl=1\" rel=\"grid-42\" class=\"item view\" title=\"\"><img decoding=\"async\" src=\"https:\/\/i0.wp.com\/ramalho.com.br\/vm2016\/wp-content\/uploads\/2016\/04\/89-166796-0-5-santiago-de-compostela-viagem-aos-sentidos.jpg?resize=400%2C400&ssl=1\" alt=\"\">\r\n                <\/a> <a href=\"https:\/\/i0.wp.com\/ramalho.com.br\/vm2016\/wp-content\/uploads\/2016\/04\/midias-sociais.jpg?fit=225%2C225&ssl=1\" rel=\"grid-42\" class=\"item view\" title=\"\"><img decoding=\"async\" src=\"https:\/\/i0.wp.com\/ramalho.com.br\/vm2016\/wp-content\/uploads\/2016\/04\/midias-sociais.jpg?resize=225%2C225&ssl=1\" alt=\"\">\r\n                <\/a> <a href=\"https:\/\/i0.wp.com\/ramalho.com.br\/vm2016\/wp-content\/uploads\/2016\/04\/midias-sociais-na-pratica.jpg?fit=120%2C120&ssl=1\" rel=\"grid-42\" class=\"item view\" title=\"\"><img decoding=\"async\" src=\"https:\/\/i0.wp.com\/ramalho.com.br\/vm2016\/wp-content\/uploads\/2016\/04\/midias-sociais-na-pratica.jpg?resize=120%2C120&ssl=1\" alt=\"\">\r\n                <\/a> <a href=\"https:\/\/i0.wp.com\/ramalho.com.br\/vm2016\/wp-content\/uploads\/2016\/04\/livro5-1.png?fit=120%2C161&ssl=1\" rel=\"grid-42\" class=\"item view\" title=\"\"><img decoding=\"async\" src=\"https:\/\/i0.wp.com\/ramalho.com.br\/vm2016\/wp-content\/uploads\/2016\/04\/livro5-1.png?resize=120%2C161&ssl=1\" alt=\"\">\r\n                <\/a> <a href=\"https:\/\/i0.wp.com\/ramalho.com.br\/vm2016\/wp-content\/uploads\/2017\/11\/capa-de-polo-a-polo.jpg?fit=207%2C292&ssl=1\" rel=\"grid-42\" class=\"item view\" title=\"\"><img decoding=\"async\" src=\"https:\/\/i0.wp.com\/ramalho.com.br\/vm2016\/wp-content\/uploads\/2017\/11\/capa-de-polo-a-polo.jpg?resize=207%2C292&ssl=1\" alt=\"\">\r\n                <\/a> <a href=\"https:\/\/i0.wp.com\/ramalho.com.br\/vm2016\/wp-content\/uploads\/2017\/11\/Escola-de-fotografia_ESTETICA_frente-Small.jpg?fit=337%2C480&ssl=1\" rel=\"grid-42\" class=\"item view\" title=\"\"><img decoding=\"async\" src=\"https:\/\/i0.wp.com\/ramalho.com.br\/vm2016\/wp-content\/uploads\/2017\/11\/Escola-de-fotografia_ESTETICA_frente-Small.jpg?resize=337%2C480&ssl=1\" alt=\"\">\r\n                <\/a> <a href=\"https:\/\/i0.wp.com\/ramalho.com.br\/vm2016\/wp-content\/uploads\/2017\/11\/Escola-de-fotografia_TECNICA_frente-Small.jpg?fit=336%2C480&ssl=1\" rel=\"grid-42\" class=\"item view\" title=\"\"><img decoding=\"async\" src=\"https:\/\/i0.wp.com\/ramalho.com.br\/vm2016\/wp-content\/uploads\/2017\/11\/Escola-de-fotografia_TECNICA_frente-Small.jpg?resize=336%2C480&ssl=1\" alt=\"\">\r\n                <\/a> <a href=\"https:\/\/i0.wp.com\/ramalho.com.br\/vm2016\/wp-content\/uploads\/2017\/11\/capa-sete-roteiros.jpg?fit=470%2C500&ssl=1\" rel=\"grid-42\" class=\"item view\" title=\"\"><img decoding=\"async\" src=\"https:\/\/i0.wp.com\/ramalho.com.br\/vm2016\/wp-content\/uploads\/2017\/11\/capa-sete-roteiros.jpg?resize=470%2C500&ssl=1\" alt=\"\">\r\n                <\/a> <a href=\"https:\/\/i0.wp.com\/ramalho.com.br\/vm2016\/wp-content\/uploads\/2017\/11\/capa3template-2-Medium.jpg?fit=479%2C768&ssl=1\" rel=\"grid-42\" class=\"item view\" title=\"\"><img decoding=\"async\" src=\"https:\/\/i0.wp.com\/ramalho.com.br\/vm2016\/wp-content\/uploads\/2017\/11\/capa3template-2-Medium.jpg?resize=479%2C768&ssl=1\" alt=\"\">\r\n                <\/a>\r\n        <\/div>\n\n<p>Desde 1988 escreve para os principais ve\u00edculos do pa\u00eds.<\/p>\n<p><strong>Volta das Am\u00e9ricas<\/strong><\/p>\n<p>Em 2002 aos 41 anos iniciou uma mudan\u00e7a em seu estilo de vida buscando incorporar qualidade de vida \u00e0s suas atividades.\u00a0 Resolveu realizar antigos sonhos e iniciou uma incr\u00edvel jornada de aventuras sem deixar de lado suas atividades profissionais.<\/p>\n<p>No mesmo ano come\u00e7ou com uma emocionante aventura pelas tr\u00eas Am\u00e9ricas a bordo de um pequeno bimotor. Voou de S\u00e3o Paulo at\u00e9 o Alaska e de l\u00e1 at\u00e9 Ushuaia na Patagonia. Uma aventura de 42 mil km e 47 dias de viagem.<\/p>\n<figure id=\"attachment_422\" aria-describedby=\"caption-attachment-422\" style=\"width: 588px\" class=\"wp-caption alignnone\"><img loading=\"lazy\" decoding=\"async\" data-attachment-id=\"422\" data-permalink=\"https:\/\/ramalho.com.br\/vm2016\/index.php\/o-viajante-2\/dcf-1-0-3\/\" data-orig-file=\"https:\/\/i0.wp.com\/ramalho.com.br\/vm2016\/wp-content\/uploads\/2016\/04\/PICT0095-Medium.jpg?fit=1024%2C768&amp;ssl=1\" data-orig-size=\"1024,768\" data-comments-opened=\"1\" data-image-meta=\"{&quot;aperture&quot;:&quot;0&quot;,&quot;credit&quot;:&quot;&quot;,&quot;camera&quot;:&quot;DiMAGE 7&quot;,&quot;caption&quot;:&quot;DCF 1.0&quot;,&quot;created_timestamp&quot;:&quot;1035755215&quot;,&quot;copyright&quot;:&quot;&quot;,&quot;focal_length&quot;:&quot;7.4375&quot;,&quot;iso&quot;:&quot;100&quot;,&quot;shutter_speed&quot;:&quot;0&quot;,&quot;title&quot;:&quot;DCF 1.0&quot;,&quot;orientation&quot;:&quot;1&quot;}\" data-image-title=\"DCF 1.0\" data-image-description=\"\" data-image-caption=\"&lt;p&gt;Ushuaia, destino final da Volta das Am\u00e9ricas.&lt;\/p&gt;\n\" data-medium-file=\"https:\/\/i0.wp.com\/ramalho.com.br\/vm2016\/wp-content\/uploads\/2016\/04\/PICT0095-Medium.jpg?fit=300%2C225&amp;ssl=1\" data-large-file=\"https:\/\/i0.wp.com\/ramalho.com.br\/vm2016\/wp-content\/uploads\/2016\/04\/PICT0095-Medium.jpg?fit=1024%2C768&amp;ssl=1\" tabindex=\"0\" role=\"button\" class=\" wp-image-422\" src=\"https:\/\/i0.wp.com\/ramalho.com.br\/vm2016\/wp-content\/uploads\/2016\/04\/PICT0095-Medium.jpg?resize=588%2C441\" alt=\"Ushuaia, destino final da Volta das Am\u00e9ricas.\" width=\"588\" height=\"441\" srcset=\"https:\/\/i0.wp.com\/ramalho.com.br\/vm2016\/wp-content\/uploads\/2016\/04\/PICT0095-Medium.jpg?w=1024&amp;ssl=1 1024w, https:\/\/i0.wp.com\/ramalho.com.br\/vm2016\/wp-content\/uploads\/2016\/04\/PICT0095-Medium.jpg?resize=300%2C225&amp;ssl=1 300w, https:\/\/i0.wp.com\/ramalho.com.br\/vm2016\/wp-content\/uploads\/2016\/04\/PICT0095-Medium.jpg?resize=768%2C576&amp;ssl=1 768w, https:\/\/i0.wp.com\/ramalho.com.br\/vm2016\/wp-content\/uploads\/2016\/04\/PICT0095-Medium.jpg?resize=760%2C570&amp;ssl=1 760w\" sizes=\"(max-width: 588px) 100vw, 588px\" data-recalc-dims=\"1\" \/><figcaption id=\"caption-attachment-422\" class=\"wp-caption-text\">Ushuaia, destino final da Volta das Am\u00e9ricas.<\/figcaption><\/figure>\n<p><strong>Travessias em Bike<\/strong><\/p>\n<p>Em 2005 resolveu trocar o ar pela terra e a bordo de uma bicicleta iniciou uma s\u00e9rie de travessias pelos locais mais remotos do globo.<\/p>\n<p>Fez o <strong>Caminho de Santiago de Compostela<\/strong>, cruzou tr\u00eas cordilheiras de montanhas, os Andes, o Atlas no Marrocos e o Himalaia na \u00c1sia, tendo se tornado o primeiro brasileiro a pedalar at\u00e9 o acampamento base do Everest a 5.200m de altitude.<\/p>\n<p>Em 2008 Pedalou 3.100 km ao longo da rota do legend\u00e1rio trem Expresso do oriente.<\/p>\n<div class=\"photoGrid  three clearfix\">  <a href=\"https:\/\/i0.wp.com\/ramalho.com.br\/vm2016\/wp-content\/uploads\/2016\/04\/TB094258-Medium.jpg?fit=1024%2C768&ssl=1\" rel=\"grid-96\" class=\"item view\" title=\"OLYMPUS DIGITAL CAMERA\"><img decoding=\"async\" src=\"https:\/\/i0.wp.com\/ramalho.com.br\/vm2016\/wp-content\/uploads\/2016\/04\/TB094258-Medium.jpg?resize=760%2C570&ssl=1\" alt=\"\">\r\n                <\/a> <a href=\"https:\/\/i0.wp.com\/ramalho.com.br\/vm2016\/wp-content\/uploads\/2016\/04\/P6074244-Medium.jpg?fit=1024%2C768&ssl=1\" rel=\"grid-96\" class=\"item view\" title=\"OLYMPUS DIGITAL CAMERA\"><img decoding=\"async\" src=\"https:\/\/i0.wp.com\/ramalho.com.br\/vm2016\/wp-content\/uploads\/2016\/04\/P6074244-Medium.jpg?resize=760%2C570&ssl=1\" alt=\"\">\r\n                <\/a> <a href=\"https:\/\/i0.wp.com\/ramalho.com.br\/vm2016\/wp-content\/uploads\/2016\/04\/P9203845-Small.jpg?fit=640%2C480&ssl=1\" rel=\"grid-96\" class=\"item view\" title=\"OLYMPUS DIGITAL CAMERA\"><img decoding=\"async\" src=\"https:\/\/i0.wp.com\/ramalho.com.br\/vm2016\/wp-content\/uploads\/2016\/04\/P9203845-Small.jpg?resize=640%2C480&ssl=1\" alt=\"\">\r\n                <\/a> <a href=\"https:\/\/i0.wp.com\/ramalho.com.br\/vm2016\/wp-content\/uploads\/2016\/04\/P7221801.jpg?fit=640%2C480&ssl=1\" rel=\"grid-96\" class=\"item view\" title=\"\"><img decoding=\"async\" src=\"https:\/\/i0.wp.com\/ramalho.com.br\/vm2016\/wp-content\/uploads\/2016\/04\/P7221801.jpg?resize=640%2C480&ssl=1\" alt=\"\">\r\n                <\/a>\r\n        <\/div>\n\n<h4>A volta ao mundo em 80 dias<\/h4>\n<p>Em 2011 foi\u00a0 o idealizador e coapresentador da 4 temporada do programa 50&#215;1 da tv Record, onde juntamente com o empres\u00e1rio \u00c1lvaro Garnero realizou a volta ao mundo em 80 dias sem usar avi\u00e3o. Mais detalhes desse projeto podem ser vistos\u00a0aqui:<\/p>\n<p><span class=\"embed-youtube\" style=\"text-align:center; display: block;\"><iframe loading=\"lazy\" class=\"youtube-player\" width=\"1260\" height=\"709\" src=\"https:\/\/www.youtube.com\/embed\/Fi_a1rZ4-ss?version=3&#038;rel=1&#038;showsearch=0&#038;showinfo=1&#038;iv_load_policy=1&#038;fs=1&#038;hl=en-US&#038;autohide=2&#038;wmode=transparent\" allowfullscreen=\"true\" style=\"border:0;\" sandbox=\"allow-scripts allow-same-origin allow-popups allow-presentation allow-popups-to-escape-sandbox\"><\/iframe><\/span><\/p>\n<p>&nbsp;<\/p>\n<p>&nbsp;<\/p>\n<p><strong>As sete Maravilhas modernas.<\/strong><\/p>\n<p>Em 2012 realizou o projeto <strong>Volta ao mundo pelas Sete Maravilhas, <\/strong>\u00a0para produzir um document\u00e1rio em DVD para a Star Alliance.<\/p>\n<p><img loading=\"lazy\" decoding=\"async\" data-attachment-id=\"739\" data-permalink=\"https:\/\/ramalho.com.br\/vm2016\/index.php\/o-viajante-2\/dvd\/\" data-orig-file=\"https:\/\/i0.wp.com\/ramalho.com.br\/vm2016\/wp-content\/uploads\/2017\/11\/dvd.png?fit=422%2C281&amp;ssl=1\" data-orig-size=\"422,281\" data-comments-opened=\"1\" data-image-meta=\"{&quot;aperture&quot;:&quot;0&quot;,&quot;credit&quot;:&quot;&quot;,&quot;camera&quot;:&quot;&quot;,&quot;caption&quot;:&quot;&quot;,&quot;created_timestamp&quot;:&quot;0&quot;,&quot;copyright&quot;:&quot;&quot;,&quot;focal_length&quot;:&quot;0&quot;,&quot;iso&quot;:&quot;0&quot;,&quot;shutter_speed&quot;:&quot;0&quot;,&quot;title&quot;:&quot;&quot;,&quot;orientation&quot;:&quot;0&quot;}\" data-image-title=\"dvd\" data-image-description=\"\" data-image-caption=\"\" data-medium-file=\"https:\/\/i0.wp.com\/ramalho.com.br\/vm2016\/wp-content\/uploads\/2017\/11\/dvd.png?fit=300%2C200&amp;ssl=1\" data-large-file=\"https:\/\/i0.wp.com\/ramalho.com.br\/vm2016\/wp-content\/uploads\/2017\/11\/dvd.png?fit=422%2C281&amp;ssl=1\" tabindex=\"0\" role=\"button\" class=\"alignnone size-full wp-image-739\" src=\"https:\/\/i0.wp.com\/ramalho.com.br\/vm2016\/wp-content\/uploads\/2017\/11\/dvd.png?resize=422%2C281\" alt=\"\" width=\"422\" height=\"281\" srcset=\"https:\/\/i0.wp.com\/ramalho.com.br\/vm2016\/wp-content\/uploads\/2017\/11\/dvd.png?w=422&amp;ssl=1 422w, https:\/\/i0.wp.com\/ramalho.com.br\/vm2016\/wp-content\/uploads\/2017\/11\/dvd.png?resize=300%2C200&amp;ssl=1 300w, https:\/\/i0.wp.com\/ramalho.com.br\/vm2016\/wp-content\/uploads\/2017\/11\/dvd.png?resize=420%2C281&amp;ssl=1 420w\" sizes=\"(max-width: 422px) 100vw, 422px\" data-recalc-dims=\"1\" \/><\/p>\n<p>A viagem de 22 dias ao redor do planeta foi ancorada no portal MSN<\/p>\n<h4>De Polo a Polo<\/h4>\n<p>Em 2013 realizou o Projeto De Polo a Polo, partindo da linha do Equador percorreu a Am\u00e9rica do Sul, Antartica, Africa , Asia, Europa, C\u00edrculo Polar \u00c1rtico, Am\u00e9rica do Norte e Central.<\/p>\n<p>Um resumo com cenas dessa viagem pode ser visto\u00a0no pr\u00f3ximo v\u00eddeo.<\/p>\n<p><span class=\"embed-youtube\" style=\"text-align:center; display: block;\"><iframe loading=\"lazy\" class=\"youtube-player\" width=\"1260\" height=\"709\" src=\"https:\/\/www.youtube.com\/embed\/_wS33gX6CD4?version=3&#038;rel=1&#038;showsearch=0&#038;showinfo=1&#038;iv_load_policy=1&#038;fs=1&#038;hl=en-US&#038;autohide=2&#038;wmode=transparent\" allowfullscreen=\"true\" style=\"border:0;\" sandbox=\"allow-scripts allow-same-origin allow-popups allow-presentation allow-popups-to-escape-sandbox\"><\/iframe><\/span><\/p>\n<h3>Rota da Seda<\/h3>\n<p>Filmado em\u00a0 2015\u00a0 e ainda em produ\u00e7\u00e3o o viajante percorreu a lend\u00e1ria\u00a0 Rota da Seda partindo de Istambul e cruzando a Tuquia, Georgia, Armenia, Turcomenistao,Uzbequist\u00e3o , Cazaquist\u00e3o e China.<\/p>\n<p>Um v\u00eddeo com cenas desse document\u00e1rio pode ser visto aqui:<\/p>\n<p><span class=\"embed-youtube\" style=\"text-align:center; display: block;\"><iframe loading=\"lazy\" class=\"youtube-player\" width=\"1260\" height=\"709\" src=\"https:\/\/www.youtube.com\/embed\/KYi2nZ59Ass?version=3&#038;rel=1&#038;showsearch=0&#038;showinfo=1&#038;iv_load_policy=1&#038;fs=1&#038;hl=en-US&#038;autohide=2&#038;wmode=transparent\" allowfullscreen=\"true\" style=\"border:0;\" sandbox=\"allow-scripts allow-same-origin allow-popups allow-presentation allow-popups-to-escape-sandbox\"><\/iframe><\/span><\/p>\n<p>Se voc\u00ea gostou dessas aventuras acompanhe a volta ao mundo de trem e avi\u00e3o. voc\u00ea ver\u00e1 imagens incr\u00edveis.<\/p>\n","protected":false},"excerpt":{"rendered":"<p>Jos\u00e9 Antonio Ramalho \u00e9 um exemplo de profissional multim\u00eddia. Ao longo de sua vida profissional desenvolveu carreiras em \u00e1reas distintas obtendo sucesso em todas as \u00e1reas que atuou. \u00a0 Com 54 anos \u00e9 escritor, jornalista, fot\u00f3grafo e consultor. Publicou 118 livros nas \u00e1reas de tecnologia, mitologia grega, fotografia e aventura, traduzidos para diversas l\u00ednguas, entre&#8230;<\/p>\n","protected":false},"author":1,"featured_media":0,"parent":0,"menu_order":0,"comment_status":"closed","ping_status":"closed","template":"","meta":{"jetpack_post_was_ever_published":false,"footnotes":""},"jetpack_sharing_enabled":true,"jetpack_shortlink":"https:\/\/wp.me\/P7oJ0g-6R","jetpack-related-posts":[],"_links":{"self":[{"href":"https:\/\/ramalho.com.br\/vm2016\/index.php\/wp-json\/wp\/v2\/pages\/425"}],"collection":[{"href":"https:\/\/ramalho.com.br\/vm2016\/index.php\/wp-json\/wp\/v2\/pages"}],"about":[{"href":"https:\/\/ramalho.com.br\/vm2016\/index.php\/wp-json\/wp\/v2\/types\/page"}],"author":[{"embeddable":true,"href":"https:\/\/ramalho.com.br\/vm2016\/index.php\/wp-json\/wp\/v2\/users\/1"}],"replies":[{"embeddable":true,"href":"https:\/\/ramalho.com.br\/vm2016\/index.php\/wp-json\/wp\/v2\/comments?post=425"}],"version-history":[{"count":11,"href":"https:\/\/ramalho.com.br\/vm2016\/index.php\/wp-json\/wp\/v2\/pages\/425\/revisions"}],"predecessor-version":[{"id":740,"href":"https:\/\/ramalho.com.br\/vm2016\/index.php\/wp-json\/wp\/v2\/pages\/425\/revisions\/740"}],"wp:attachment":[{"href":"https:\/\/ramalho.com.br\/vm2016\/index.php\/wp-json\/wp\/v2\/media?parent=425"}],"curies":[{"name":"wp","href":"https:\/\/api.w.org\/{rel}","templated":true}]}}