{"id":30,"date":"2016-03-23T18:04:17","date_gmt":"2016-03-23T21:04:17","guid":{"rendered":"http:\/\/ramalho.com.br\/vm2016\/index.php\/contact-us\/"},"modified":"2016-04-24T12:09:12","modified_gmt":"2016-04-24T15:09:12","slug":"contact-us","status":"publish","type":"page","link":"https:\/\/ramalho.com.br\/vm2016\/index.php\/contact-us\/","title":{"rendered":"Contato"},"content":{"rendered":"<p>&nbsp;<\/p>\n<p>Ol\u00e1,<\/p>\n<p>Deixe sua opini\u00e3o, sugest\u00e3o ou d\u00favida. responderemos com a maior brevidade.<\/p>\n<p>Hi There,<br \/>\nPlease feel free to get in touch via the form below, we will get back to you as soon as possible.<br \/>\n<div role=\"form\" class=\"wpcf7\" id=\"wpcf7-f8-o1\" lang=\"en-US\" dir=\"ltr\">\n<div class=\"screen-reader-response\"><\/div>\n<form action=\"\/vm2016\/index.php\/wp-json\/wp\/v2\/pages\/30#wpcf7-f8-o1\" method=\"post\" class=\"wpcf7-form\" novalidate=\"novalidate\">\n<div style=\"display: none;\">\n<input type=\"hidden\" name=\"_wpcf7\" value=\"8\" \/>\n<input type=\"hidden\" name=\"_wpcf7_version\" value=\"4.9.1\" \/>\n<input type=\"hidden\" name=\"_wpcf7_locale\" value=\"en_US\" \/>\n<input type=\"hidden\" name=\"_wpcf7_unit_tag\" value=\"wpcf7-f8-o1\" \/>\n<input type=\"hidden\" name=\"_wpcf7_container_post\" value=\"0\" \/>\n<\/div>\n<p>Seu Nome (requirido)<br \/>\n    <span class=\"wpcf7-form-control-wrap your-name\"><input type=\"text\" name=\"your-name\" value=\"\" size=\"40\" class=\"wpcf7-form-control wpcf7-text wpcf7-validates-as-required\" aria-required=\"true\" aria-invalid=\"false\" \/><\/span> <\/p>\n<p>Seu Email (required)<br \/>\n    <span class=\"wpcf7-form-control-wrap your-email\"><input type=\"email\" name=\"your-email\" value=\"\" size=\"40\" class=\"wpcf7-form-control wpcf7-text wpcf7-email wpcf7-validates-as-required wpcf7-validates-as-email\" aria-required=\"true\" aria-invalid=\"false\" \/><\/span> <\/p>\n<p>Assunto<br \/>\n    <span class=\"wpcf7-form-control-wrap your-subject\"><input type=\"text\" name=\"your-subject\" value=\"\" size=\"40\" class=\"wpcf7-form-control wpcf7-text\" aria-invalid=\"false\" \/><\/span> <\/p>\n<p>Messagem<br \/>\n    <span class=\"wpcf7-form-control-wrap your-message\"><textarea name=\"your-message\" cols=\"40\" rows=\"10\" class=\"wpcf7-form-control wpcf7-textarea\" aria-invalid=\"false\"><\/textarea><\/span> <\/p>\n<p><input type=\"submit\" value=\"Send\" class=\"wpcf7-form-control wpcf7-submit\" \/><\/p>\n<p style=\"display: none !important;\"><label>&#916;<textarea name=\"_wpcf7_ak_hp_textarea\" cols=\"45\" rows=\"8\" maxlength=\"100\"><\/textarea><\/label><input type=\"hidden\" id=\"ak_js_1\" name=\"_wpcf7_ak_js\" value=\"11\"\/><script>document.getElementById( \"ak_js_1\" ).setAttribute( \"value\", ( new Date() ).getTime() );<\/script><\/p><div class=\"wpcf7-response-output wpcf7-display-none\"><\/div><\/form><\/div><\/p>\n","protected":false},"excerpt":{"rendered":"<p>&nbsp; Ol\u00e1, Deixe sua opini\u00e3o, sugest\u00e3o ou d\u00favida. responderemos com a maior brevidade. Hi There, Please feel free to get in touch via the form below, we will get back to you as soon as possible.<\/p>\n","protected":false},"author":1,"featured_media":0,"parent":0,"menu_order":0,"comment_status":"closed","ping_status":"closed","template":"","meta":{"jetpack_post_was_ever_published":false,"footnotes":""},"jetpack_sharing_enabled":true,"jetpack_shortlink":"https:\/\/wp.me\/P7oJ0g-u","jetpack-related-posts":[],"_links":{"self":[{"href":"https:\/\/ramalho.com.br\/vm2016\/index.php\/wp-json\/wp\/v2\/pages\/30"}],"collection":[{"href":"https:\/\/ramalho.com.br\/vm2016\/index.php\/wp-json\/wp\/v2\/pages"}],"about":[{"href":"https:\/\/ramalho.com.br\/vm2016\/index.php\/wp-json\/wp\/v2\/types\/page"}],"author":[{"embeddable":true,"href":"https:\/\/ramalho.com.br\/vm2016\/index.php\/wp-json\/wp\/v2\/users\/1"}],"replies":[{"embeddable":true,"href":"https:\/\/ramalho.com.br\/vm2016\/index.php\/wp-json\/wp\/v2\/comments?post=30"}],"version-history":[{"count":6,"href":"https:\/\/ramalho.com.br\/vm2016\/index.php\/wp-json\/wp\/v2\/pages\/30\/revisions"}],"predecessor-version":[{"id":394,"href":"https:\/\/ramalho.com.br\/vm2016\/index.php\/wp-json\/wp\/v2\/pages\/30\/revisions\/394"}],"wp:attachment":[{"href":"https:\/\/ramalho.com.br\/vm2016\/index.php\/wp-json\/wp\/v2\/media?parent=30"}],"curies":[{"name":"wp","href":"https:\/\/api.w.org\/{rel}","templated":true}]}}