{"id":16,"date":"2016-03-11T18:21:19","date_gmt":"2016-03-11T21:21:19","guid":{"rendered":"http:\/\/ramalho.com.br\/vm2016\/?page_id=16"},"modified":"2016-04-24T16:25:54","modified_gmt":"2016-04-24T19:25:54","slug":"volta-ao-mundo-2016-trem-e-aviao","status":"publish","type":"page","link":"https:\/\/ramalho.com.br\/vm2016\/index.php\/volta-ao-mundo-2016-trem-e-aviao\/","title":{"rendered":"Volta ao mundo 2016 &#8211; trem e avi\u00e3o"},"content":{"rendered":"<p>Uma viagem de volta ao mundo \u00e9 o sonho de todo viajante. Conhecer novas pessoas, culturas, h\u00e1bitos e cren\u00e7as que nos fazem t\u00e3o diferentes, mas ao mesmo tempo t\u00e3o parecidos.<\/p>\n<p><strong>Trem ou avi\u00e3o?<\/strong><\/p>\n<figure id=\"attachment_253\" aria-describedby=\"caption-attachment-253\" style=\"width: 608px\" class=\"wp-caption aligncenter\"><img loading=\"lazy\" decoding=\"async\" data-attachment-id=\"253\" data-permalink=\"https:\/\/ramalho.com.br\/vm2016\/index.php\/volta-ao-mundo-2016-trem-e-aviao\/eurofox-train-vs-plane-2\/\" data-orig-file=\"https:\/\/i0.wp.com\/ramalho.com.br\/vm2016\/wp-content\/uploads\/2016\/04\/eurofox-train-vs-plane-1.jpeg?fit=608%2C137&amp;ssl=1\" data-orig-size=\"608,137\" data-comments-opened=\"1\" data-image-meta=\"{&quot;aperture&quot;:&quot;0&quot;,&quot;credit&quot;:&quot;&quot;,&quot;camera&quot;:&quot;&quot;,&quot;caption&quot;:&quot;&quot;,&quot;created_timestamp&quot;:&quot;0&quot;,&quot;copyright&quot;:&quot;&quot;,&quot;focal_length&quot;:&quot;0&quot;,&quot;iso&quot;:&quot;0&quot;,&quot;shutter_speed&quot;:&quot;0&quot;,&quot;title&quot;:&quot;&quot;,&quot;orientation&quot;:&quot;1&quot;}\" data-image-title=\"eurofox-train-vs-plane\" data-image-description=\"\" data-image-caption=\"&lt;p&gt;Ao inv\u00e9s de competir entre si, para mim o trem e o avi\u00e3o se completam como experi\u00eancia de viagem.&lt;\/p&gt;\n\" data-medium-file=\"https:\/\/i0.wp.com\/ramalho.com.br\/vm2016\/wp-content\/uploads\/2016\/04\/eurofox-train-vs-plane-1.jpeg?fit=300%2C68&amp;ssl=1\" data-large-file=\"https:\/\/i0.wp.com\/ramalho.com.br\/vm2016\/wp-content\/uploads\/2016\/04\/eurofox-train-vs-plane-1.jpeg?fit=608%2C137&amp;ssl=1\" tabindex=\"0\" role=\"button\" class=\"size-full wp-image-253\" src=\"https:\/\/i0.wp.com\/ramalho.com.br\/vm2016\/wp-content\/uploads\/2016\/04\/eurofox-train-vs-plane-1.jpeg?resize=608%2C137\" alt=\"Ao inv\u00e9s de competir entre si, para mim o trem e o avi\u00e3o se completam como experi\u00eancia de viagem.\" width=\"608\" height=\"137\" srcset=\"https:\/\/i0.wp.com\/ramalho.com.br\/vm2016\/wp-content\/uploads\/2016\/04\/eurofox-train-vs-plane-1.jpeg?w=608&amp;ssl=1 608w, https:\/\/i0.wp.com\/ramalho.com.br\/vm2016\/wp-content\/uploads\/2016\/04\/eurofox-train-vs-plane-1.jpeg?resize=300%2C68&amp;ssl=1 300w\" sizes=\"(max-width: 608px) 100vw, 608px\" data-recalc-dims=\"1\" \/><figcaption id=\"caption-attachment-253\" class=\"wp-caption-text\">Ao inv\u00e9s de competir entre si, para mim o trem e o avi\u00e3o se completam como experi\u00eancia de viagem.<\/figcaption><\/figure>\n<p>Em 30 dias percorrerei o mundo mesclando trem e avi\u00e3o, combinando o melhor dos dois meios de transporte. \u00a0A velocidade do avi\u00e3o para as travessias oce\u00e2nicas do Atl\u00e2ntico Norte e do Pac\u00edfico e a velocidade contemplativa dos trens para atravessar a Am\u00e9rica do Norte, Europa, Sib\u00e9ria e \u00c1sia.<\/p>\n<p>No mapa acima voc\u00ea pode clicar em cada um dos marcadores e descobrir um pouco sobre os principais destinos dessa jornada ao redor do planeta.<\/p>\n<p>Convido voc\u00ea para me acompanhar nessa viagem. As narrativas, em texto, fotos e v\u00eddeos, mesclar\u00e3o informa\u00e7\u00f5es hist\u00f3ricas, dicas atuais sobre os locais e acima de tudo uma vis\u00e3o de um fot\u00f3grafo e escritor apaixonado por conhecer e revisitar nosso planeta.<\/p>\n<p><strong>Viajando com um toque de nostalgia<\/strong><\/p>\n<div class=\"photoGrid  three clearfix\">  <a href=\"https:\/\/i0.wp.com\/ramalho.com.br\/vm2016\/wp-content\/uploads\/2016\/03\/d6b4ce1aa33dbd0eff25d41f45019eae.jpg?fit=500%2C533&ssl=1\" rel=\"grid-92\" class=\"item view\" title=\"\"><img decoding=\"async\" src=\"https:\/\/i0.wp.com\/ramalho.com.br\/vm2016\/wp-content\/uploads\/2016\/03\/d6b4ce1aa33dbd0eff25d41f45019eae.jpg?resize=500%2C533&ssl=1\" alt=\"\">\r\n                <\/a> <a href=\"https:\/\/i0.wp.com\/ramalho.com.br\/vm2016\/wp-content\/uploads\/2016\/04\/e9ac85809232084d636935ca0ddc79ff.jpg?fit=375%2C500&ssl=1\" rel=\"grid-92\" class=\"item view\" title=\"\"><img decoding=\"async\" src=\"https:\/\/i0.wp.com\/ramalho.com.br\/vm2016\/wp-content\/uploads\/2016\/04\/e9ac85809232084d636935ca0ddc79ff.jpg?resize=375%2C500&ssl=1\" alt=\"\">\r\n                <\/a> <a href=\"https:\/\/i0.wp.com\/ramalho.com.br\/vm2016\/wp-content\/uploads\/2016\/04\/peloar-5.jpg?fit=520%2C800&ssl=1\" rel=\"grid-92\" class=\"item view\" title=\"\"><img decoding=\"async\" src=\"https:\/\/i0.wp.com\/ramalho.com.br\/vm2016\/wp-content\/uploads\/2016\/04\/peloar-5.jpg?resize=520%2C800&ssl=1\" alt=\"\">\r\n                <\/a>\r\n        <\/div>\n\n<p>Vou rechear as postagens com um visual retro, com fotos e posteres usados no s\u00e9culo passado para promover a viagem de trem, que revolucionou o mundo no s\u00e9culo XIX e que ainda hoje \u00e9 essencial para a economia global.<\/p>\n<p>A era de ouro das viagens de trem terminou com a Segunda Grande Guerra Mundial, rodovias e avi\u00f5es diminu\u00edram a procura pelos trens fazendo com que seu uso praticamente desaparecesse em alguns pa\u00edses como o Brasil para viagens estaduais. Contudo na Europa e \u00c1sia, seu uso continua intenso. \u00c9 essa experi\u00eancia que vou compartilhar com voc\u00eas durante os 30 dias da viagem.<\/p>\n<p><img loading=\"lazy\" decoding=\"async\" data-attachment-id=\"77\" data-permalink=\"https:\/\/ramalho.com.br\/vm2016\/index.php\/volta-ao-mundo-2016-trem-e-aviao\/train-and-plane-painting-1\/\" data-orig-file=\"https:\/\/i0.wp.com\/ramalho.com.br\/vm2016\/wp-content\/uploads\/2016\/04\/train-and-plane-painting-1.jpg?fit=550%2C392&amp;ssl=1\" data-orig-size=\"550,392\" data-comments-opened=\"1\" data-image-meta=\"{&quot;aperture&quot;:&quot;0&quot;,&quot;credit&quot;:&quot;&quot;,&quot;camera&quot;:&quot;&quot;,&quot;caption&quot;:&quot;&quot;,&quot;created_timestamp&quot;:&quot;0&quot;,&quot;copyright&quot;:&quot;&quot;,&quot;focal_length&quot;:&quot;0&quot;,&quot;iso&quot;:&quot;0&quot;,&quot;shutter_speed&quot;:&quot;0&quot;,&quot;title&quot;:&quot;&quot;,&quot;orientation&quot;:&quot;0&quot;}\" data-image-title=\"train-and-plane-painting (1)\" data-image-description=\"\" data-image-caption=\"\" data-medium-file=\"https:\/\/i0.wp.com\/ramalho.com.br\/vm2016\/wp-content\/uploads\/2016\/04\/train-and-plane-painting-1.jpg?fit=300%2C214&amp;ssl=1\" data-large-file=\"https:\/\/i0.wp.com\/ramalho.com.br\/vm2016\/wp-content\/uploads\/2016\/04\/train-and-plane-painting-1.jpg?fit=550%2C392&amp;ssl=1\" tabindex=\"0\" role=\"button\" class=\" wp-image-77 aligncenter\" src=\"https:\/\/i0.wp.com\/ramalho.com.br\/vm2016\/wp-content\/uploads\/2016\/04\/train-and-plane-painting-1.jpg?resize=756%2C539\" alt=\"train-and-plane-painting (1)\" width=\"756\" height=\"539\" srcset=\"https:\/\/i0.wp.com\/ramalho.com.br\/vm2016\/wp-content\/uploads\/2016\/04\/train-and-plane-painting-1.jpg?w=550&amp;ssl=1 550w, https:\/\/i0.wp.com\/ramalho.com.br\/vm2016\/wp-content\/uploads\/2016\/04\/train-and-plane-painting-1.jpg?resize=300%2C214&amp;ssl=1 300w\" sizes=\"(max-width: 756px) 100vw, 756px\" data-recalc-dims=\"1\" \/><\/p>\n<p>Al\u00e9m das postagens tradicionais com fotos e textos vou \u00a0publicar uma web serie com epis\u00f3dios em v\u00eddeo durante toda a viagem. \u00a0 O logo dos v\u00eddeos ser\u00e1 esse aqui:<\/p>\n<p><span class=\"embed-youtube\" style=\"text-align:center; display: block;\"><iframe loading=\"lazy\" class=\"youtube-player\" width=\"1260\" height=\"709\" src=\"https:\/\/www.youtube.com\/embed\/4Y8TdaNfKSQ?version=3&#038;rel=1&#038;showsearch=0&#038;showinfo=1&#038;iv_load_policy=1&#038;fs=1&#038;hl=en-US&#038;autohide=2&#038;wmode=transparent\" allowfullscreen=\"true\" style=\"border:0;\" sandbox=\"allow-scripts allow-same-origin allow-popups allow-presentation allow-popups-to-escape-sandbox\"><\/iframe><\/span><\/p>\n<p>&nbsp;<\/p>\n<p>Espero voc\u00ea durante essa viagem e se voc\u00ea gostar, compartilhe as postagens em suas redes sociais. Assim mais pessoas viajar\u00e3o conosco.<\/p>\n<p>At\u00e9 breve.<\/p>\n<p>Jos\u00e9 Antonio Ramalho<\/p>\n","protected":false},"excerpt":{"rendered":"<p>Uma viagem de volta ao mundo \u00e9 o sonho de todo viajante. Conhecer novas pessoas, culturas, h\u00e1bitos e cren\u00e7as que nos fazem t\u00e3o diferentes, mas ao mesmo tempo t\u00e3o parecidos. Trem ou avi\u00e3o? Em 30 dias percorrerei o mundo mesclando trem e avi\u00e3o, combinando o melhor dos dois meios de transporte. \u00a0A velocidade do avi\u00e3o&#8230;<\/p>\n","protected":false},"author":1,"featured_media":19,"parent":0,"menu_order":0,"comment_status":"closed","ping_status":"closed","template":"","meta":{"jetpack_post_was_ever_published":false,"footnotes":""},"jetpack_sharing_enabled":true,"jetpack_shortlink":"https:\/\/wp.me\/P7oJ0g-g","jetpack-related-posts":[],"_links":{"self":[{"href":"https:\/\/ramalho.com.br\/vm2016\/index.php\/wp-json\/wp\/v2\/pages\/16"}],"collection":[{"href":"https:\/\/ramalho.com.br\/vm2016\/index.php\/wp-json\/wp\/v2\/pages"}],"about":[{"href":"https:\/\/ramalho.com.br\/vm2016\/index.php\/wp-json\/wp\/v2\/types\/page"}],"author":[{"embeddable":true,"href":"https:\/\/ramalho.com.br\/vm2016\/index.php\/wp-json\/wp\/v2\/users\/1"}],"replies":[{"embeddable":true,"href":"https:\/\/ramalho.com.br\/vm2016\/index.php\/wp-json\/wp\/v2\/comments?post=16"}],"version-history":[{"count":8,"href":"https:\/\/ramalho.com.br\/vm2016\/index.php\/wp-json\/wp\/v2\/pages\/16\/revisions"}],"predecessor-version":[{"id":450,"href":"https:\/\/ramalho.com.br\/vm2016\/index.php\/wp-json\/wp\/v2\/pages\/16\/revisions\/450"}],"wp:featuredmedia":[{"embeddable":true,"href":"https:\/\/ramalho.com.br\/vm2016\/index.php\/wp-json\/wp\/v2\/media\/19"}],"wp:attachment":[{"href":"https:\/\/ramalho.com.br\/vm2016\/index.php\/wp-json\/wp\/v2\/media?parent=16"}],"curies":[{"name":"wp","href":"https:\/\/api.w.org\/{rel}","templated":true}]}}